{"id":763,"date":"2020-06-21T19:24:43","date_gmt":"2020-06-21T19:24:43","guid":{"rendered":"https:\/\/lacasacatrina.com\/home\/"},"modified":"2025-09-09T09:09:18","modified_gmt":"2025-09-09T09:09:18","slug":"home","status":"publish","type":"page","link":"https:\/\/lacasacatrina.com\/es\/","title":{"rendered":"Home"},"content":{"rendered":"<div class=\"gb-container gb-container-d038e518\">\n<div class=\"gb-container gb-container-71e2459c\">\n\n<h1 class=\"gb-headline gb-headline-6876c8f0 gb-headline-text headline-shadow\">La Casa Catrina<\/h1>\n\n\n\n<h2 class=\"gb-headline gb-headline-cc91ded4 gb-headline-text\">CARRIBEAN LIVING<\/h2>\n\n\n<div class=\"gb-container gb-container-c542b8b6\">\n<div class=\"gb-container gb-container-236bd31e container-shadow\">\n<div class=\"gb-container gb-container-a986d2f9\">\n<div class=\"gb-container gb-container-8920e0e3\"><\/div>\n<\/div>\n<\/div>\n<\/div>\n<\/div>\n<\/div><div class=\"gb-container gb-container-414559a6\">\n\n<h2 class=\"gb-headline gb-headline-8e72cfc9 gb-headline-text\">Retiro de ensue\u00f1o en un pintoresco pueblo pesquero<\/h2>\n\n\n\n<p class=\"gb-headline gb-headline-f72bf7b4 gb-headline-text\">Sensaci\u00f3n caribe\u00f1a - naturaleza - relajaci\u00f3n - kitesurf<\/p>\n\n\n<div class=\"gb-grid-wrapper gb-grid-wrapper-54823cc4\">\n<div class=\"gb-grid-column gb-grid-column-c8f512ce\"><div class=\"gb-container gb-container-c8f512ce\">\n\n<div>\n<figure class=\"wp-block-image size-large\"><img loading=\"lazy\" decoding=\"async\" width=\"1024\" height=\"576\" src=\"https:\/\/lacasacatrina.com\/wp-content\/uploads\/\/4567b4f0-b913-4f62-87f5-f6a005907770-1024x576.jpeg\" alt=\"\" class=\"wp-image-734\" srcset=\"https:\/\/lacasacatrina.com\/wp-content\/uploads\/4567b4f0-b913-4f62-87f5-f6a005907770-1024x576.jpeg 1024w, https:\/\/lacasacatrina.com\/wp-content\/uploads\/4567b4f0-b913-4f62-87f5-f6a005907770-300x169.jpeg 300w, https:\/\/lacasacatrina.com\/wp-content\/uploads\/4567b4f0-b913-4f62-87f5-f6a005907770-768x432.jpeg 768w, https:\/\/lacasacatrina.com\/wp-content\/uploads\/4567b4f0-b913-4f62-87f5-f6a005907770.jpeg 1280w\" sizes=\"auto, (max-width: 1024px) 100vw, 1024px\" \/><\/figure>\n<\/div>\n\n<\/div><\/div>\n\n<div class=\"gb-grid-column gb-grid-column-8d9c240c\"><div class=\"gb-container gb-container-8d9c240c\">\n\n<p class=\"gb-headline gb-headline-75c8ac5d gb-headline-text\">El Cuyo significa sentimiento caribe\u00f1o en un tranquilo pueblo pesquero de la costa norte de la pen\u00ednsula de Yucat\u00e1n con mucha naturaleza. Entre una playa de arena blanca que se extiende hasta el horizonte y verdes manglares, \u00a1el pueblo te invita a dejar atr\u00e1s la vida cotidiana!<br>El ambiente tranquilo y el aut\u00e9ntico encanto de una comunidad c\u00e1lida y familiar hacen de El Cuyo un aut\u00e9ntico refugio donde se alojan muchos amantes del sol. Ya sea un relajante paseo por la playa con espectaculares amaneceres o atardeceres, excursiones para ver flamencos en la biosfera de la R\u00eda Lagartos o la emoci\u00f3n del kitesurf, aqu\u00ed es donde la relajaci\u00f3n se une a la aventura.<\/p>\n\n<\/div><\/div>\n<\/div>\n<\/div><div class=\"gb-container gb-container-b638f3b2\">\n\n<h2 class=\"gb-headline gb-headline-ae4de9a1 gb-headline-text\">Disfruta de tus vacaciones o de tu tiempo libre en Casa Catrina<\/h2>\n\n\n\n<p class=\"gb-headline gb-headline-229ecab3 gb-headline-text\">Dos pisos espaciosos y totalmente equipados de 100 metros cuadrados cada uno<\/p>\n\n\n\n<div class=\"wp-block-columns is-layout-flex wp-container-core-columns-is-layout-9d6595d7 wp-block-columns-is-layout-flex\">\n<div class=\"wp-block-column is-layout-flow wp-block-column-is-layout-flow\">\n<div class=\"wp-block-group is-vertical is-content-justification-center is-layout-flex wp-container-core-group-is-layout-4b2eccd6 wp-block-group-is-layout-flex\">\n<div class=\"wp-block-group is-nowrap is-layout-flex wp-container-core-group-is-layout-ad2f72ca wp-block-group-is-layout-flex\">\n<figure class=\"wp-block-image size-large is-style-default\"><a href=\"https:\/\/lacasacatrina.com\/es\/apartment-1\/\"><img loading=\"lazy\" decoding=\"async\" width=\"951\" height=\"713\" src=\"https:\/\/lacasacatrina.com\/wp-content\/uploads\/80b59e86-d124-4a32-84d2-b95a2d02fa4f-1-edited.jpeg\" alt=\"\" class=\"wp-image-705\" srcset=\"https:\/\/lacasacatrina.com\/wp-content\/uploads\/80b59e86-d124-4a32-84d2-b95a2d02fa4f-1-edited.jpeg 951w, https:\/\/lacasacatrina.com\/wp-content\/uploads\/80b59e86-d124-4a32-84d2-b95a2d02fa4f-1-edited-300x225.jpeg 300w, https:\/\/lacasacatrina.com\/wp-content\/uploads\/80b59e86-d124-4a32-84d2-b95a2d02fa4f-1-edited-768x576.jpeg 768w\" sizes=\"auto, (max-width: 951px) 100vw, 951px\" \/><\/a><\/figure>\n<\/div>\n\n\n\n<div class=\"wp-block-columns is-layout-flex wp-container-core-columns-is-layout-9d6595d7 wp-block-columns-is-layout-flex\">\n<div class=\"wp-block-column is-layout-flow wp-block-column-is-layout-flow\">\n<p class=\"gb-headline gb-headline-e37972af gb-headline-text\"><a href=\"https:\/\/lacasacatrina.com\/es\/apartment-1\/\" data-type=\"page\" data-id=\"560\"><strong>Catrina Apartamento 1 <\/strong>(vacaciones)<\/a><\/p>\n\n\n\n<p class=\"gb-headline gb-headline-9f616927 gb-headline-text\">desde 2 noches hasta 4 personas | terraza al sur<\/p>\n<\/div>\n<\/div>\n<\/div>\n<\/div>\n\n\n\n<div class=\"wp-block-column is-layout-flow wp-block-column-is-layout-flow\">\n<div class=\"wp-block-group is-vertical is-content-justification-center is-layout-flex wp-container-core-group-is-layout-4b2eccd6 wp-block-group-is-layout-flex\">\n<figure class=\"wp-block-image size-large is-style-default\"><a href=\"https:\/\/lacasacatrina.com\/es\/apartment-2\/\"><img loading=\"lazy\" decoding=\"async\" width=\"1024\" height=\"768\" src=\"https:\/\/lacasacatrina.com\/wp-content\/uploads\/\/IMG_1114-1024x768.jpeg\" alt=\"\" class=\"wp-image-645\" srcset=\"https:\/\/lacasacatrina.com\/wp-content\/uploads\/IMG_1114-1024x768.jpeg 1024w, https:\/\/lacasacatrina.com\/wp-content\/uploads\/IMG_1114-300x225.jpeg 300w, https:\/\/lacasacatrina.com\/wp-content\/uploads\/IMG_1114-768x576.jpeg 768w, https:\/\/lacasacatrina.com\/wp-content\/uploads\/IMG_1114.jpeg 1280w\" sizes=\"auto, (max-width: 1024px) 100vw, 1024px\" \/><\/a><\/figure>\n\n\n\n<div class=\"wp-block-columns is-layout-flex wp-container-core-columns-is-layout-9d6595d7 wp-block-columns-is-layout-flex\">\n<div class=\"wp-block-column is-layout-flow wp-block-column-is-layout-flow\">\n<p class=\"gb-headline gb-headline-00afc7ae gb-headline-text\"><a href=\"https:\/\/lacasacatrina.com\/es\/apartment-2\/\" data-type=\"page\" data-id=\"561\"><strong>Apartamento Catrina 2 <\/strong>(larga estancia)<\/a><\/p>\n\n\n\n<p class=\"gb-headline gb-headline-67a59e01 gb-headline-text\">Ideal para una escapada m\u00e1s larga en pareja o en familia | Terraza azotea<\/p>\n<\/div>\n<\/div>\n<\/div>\n<\/div>\n<\/div>\n\n<\/div><div class=\"gb-container gb-container-1015e26f\">\n<div class=\"gb-container gb-container-2bffd62d\">\n\n<h2 class=\"gb-headline gb-headline-9a25bcfb gb-headline-text\">Impresiones de nuestros hu\u00e9spedes<\/h2>\n\n\n<div class=\"gb-grid-wrapper gb-grid-wrapper-d018ad77\">\n<div class=\"gb-grid-column gb-grid-column-144b6db4\"><div class=\"gb-container gb-container-144b6db4\">\n\n<p class=\"gb-headline gb-headline-a22610be gb-headline-text\">Has creado un hogar realmente maravilloso. Nos sentimos muy c\u00f3modos con vosotros, \u00a1muchas gracias por todo!<\/p>\n\n\n\n<p class=\"gb-headline gb-headline-18043f61 gb-headline-text\"><em>- Marie y Miguel con ni\u00f1os, Canad\u00e1<\/em><\/p>\n\n<\/div><\/div>\n\n<div class=\"gb-grid-column gb-grid-column-d1db07a0\"><div class=\"gb-container gb-container-d1db07a0\">\n\n<p class=\"gb-headline gb-headline-f27fcfec gb-headline-text\">\u00a1La vista del jard\u00edn de palmeras con el mar detr\u00e1s es sencillamente incre\u00edble! No tienes suficiente. Volveremos sin duda.  <\/p>\n\n\n\n<p class=\"gb-headline gb-headline-3d8b7479 gb-headline-text\"><em>\u2014 Andrea &amp; Willi con familia, Alemania<\/em><\/p>\n\n<\/div><\/div>\n\n<div class=\"gb-grid-column gb-grid-column-127a60ff\"><div class=\"gb-container gb-container-127a60ff\">\n\n<p class=\"gb-headline gb-headline-3acc265a gb-headline-text\">El Cuyo es un sue\u00f1o y ofrece tanta variedad y relajaci\u00f3n al mismo tiempo. Gracias por dejarnos llamar hogar a tu precioso y espacioso piso, \u00a1es maravilloso!<\/p>\n\n\n\n<p class=\"gb-headline gb-headline-f4c9ec25 gb-headline-text\">- <em>Jake &amp; Allen,<\/em> EE.UU.<\/p>\n\n<\/div><\/div>\n\n<div class=\"gb-grid-column gb-grid-column-ed8d624c\"><div class=\"gb-container gb-container-ed8d624c\">\n\n<p class=\"gb-headline gb-headline-e05ccd9b gb-headline-text\"><em>--- \u00bfQu\u00e9 tal tus recuerdos e impresiones aqu\u00ed? Esperamos tus comentarios ---<\/em><\/p>\n\n\n\n<p class=\"gb-headline gb-headline-acb96fde gb-headline-text\"><em>- Tus hosts, Susi y Valentin<\/em><\/p>\n\n<\/div><\/div>\n<\/div>\n<\/div>\n<\/div>","protected":false},"excerpt":{"rendered":"<p>La Casa Catrina CARRIBEAN LIVING Retiro de ensue\u00f1o en un pintoresco pueblo pesquero Sensaci\u00f3n caribe\u00f1a - naturaleza - relajaci\u00f3n - kitesurf Disfruta de tus vacaciones o de tu tiempo libre en Casa Catrina Dos pisos espaciosos y totalmente equipados de 100 metros cuadrados cada uno Catrina Apartamento 1 (vacaciones) desde 2 noches hasta 4 personas ... <a title=\"Home\" class=\"read-more\" href=\"https:\/\/lacasacatrina.com\/es\/\" aria-label=\"Leer m\u00e1s sobre Home\">Leer m\u00e1s<\/a><\/p>\n","protected":false},"author":1,"featured_media":0,"parent":0,"menu_order":0,"comment_status":"closed","ping_status":"closed","template":"","meta":{"footnotes":""},"class_list":["post-763","page","type-page","status-publish"],"_links":{"self":[{"href":"https:\/\/lacasacatrina.com\/es\/wp-json\/wp\/v2\/pages\/763","targetHints":{"allow":["GET"]}}],"collection":[{"href":"https:\/\/lacasacatrina.com\/es\/wp-json\/wp\/v2\/pages"}],"about":[{"href":"https:\/\/lacasacatrina.com\/es\/wp-json\/wp\/v2\/types\/page"}],"author":[{"embeddable":true,"href":"https:\/\/lacasacatrina.com\/es\/wp-json\/wp\/v2\/users\/1"}],"replies":[{"embeddable":true,"href":"https:\/\/lacasacatrina.com\/es\/wp-json\/wp\/v2\/comments?post=763"}],"version-history":[{"count":3,"href":"https:\/\/lacasacatrina.com\/es\/wp-json\/wp\/v2\/pages\/763\/revisions"}],"predecessor-version":[{"id":928,"href":"https:\/\/lacasacatrina.com\/es\/wp-json\/wp\/v2\/pages\/763\/revisions\/928"}],"wp:attachment":[{"href":"https:\/\/lacasacatrina.com\/es\/wp-json\/wp\/v2\/media?parent=763"}],"curies":[{"name":"wp","href":"https:\/\/api.w.org\/{rel}","templated":true}]}}