{"id":776,"date":"2020-06-23T04:40:18","date_gmt":"2020-06-23T04:40:18","guid":{"rendered":"https:\/\/lacasacatrina.com\/sobre-el-cuyo\/"},"modified":"2025-09-09T09:10:52","modified_gmt":"2025-09-09T09:10:52","slug":"local-guide","status":"publish","type":"page","link":"https:\/\/lacasacatrina.com\/es\/local-guide\/","title":{"rendered":"Sobre El Cuyo"},"content":{"rendered":"<div class=\"gb-container gb-container-ce81f88b\">\n<div class=\"gb-container gb-container-55301bf9\">\n<div class=\"gb-grid-wrapper gb-grid-wrapper-a8bd31d1\">\n<div class=\"gb-grid-column gb-grid-column-76092895\"><div class=\"gb-container gb-container-76092895\">\n\n<figure class=\"gb-block-image gb-block-image-5c4ffb30\"><img loading=\"lazy\" decoding=\"async\" width=\"1024\" height=\"768\" class=\"gb-image gb-image-5c4ffb30\" src=\"https:\/\/lacasacatrina.com\/wp-content\/uploads\/\/IMG_0173-1024x768.jpeg\" alt=\"\" title=\"IMG_0173\" srcset=\"https:\/\/lacasacatrina.com\/wp-content\/uploads\/IMG_0173-1024x768.jpeg 1024w, https:\/\/lacasacatrina.com\/wp-content\/uploads\/IMG_0173-300x225.jpeg 300w, https:\/\/lacasacatrina.com\/wp-content\/uploads\/IMG_0173-768x576.jpeg 768w, https:\/\/lacasacatrina.com\/wp-content\/uploads\/IMG_0173.jpeg 1280w\" sizes=\"auto, (max-width: 1024px) 100vw, 1024px\" \/><\/figure>\n\n<\/div><\/div>\n\n<div class=\"gb-grid-column gb-grid-column-bebb0593\"><div class=\"gb-container gb-container-bebb0593\">\n\n<h2 class=\"gb-headline gb-headline-3670d1fa gb-headline-text\">Puestas del sol en El Cuyo<\/h2>\n\n\n\n<p class=\"gb-headline gb-headline-7a938c2f gb-headline-text\">El Cuyo significa sentimiento caribe\u00f1o en un tranquilo pueblo pesquero de la costa norte de la pen\u00ednsula de Yucat\u00e1n con mucha naturaleza. Entre una playa de arena blanca que se extiende hasta el horizonte y verdes manglares, \u00a1el pueblo te invita a dejar atr\u00e1s la vida cotidiana!<br>El ambiente tranquilo y el aut\u00e9ntico encanto de una comunidad c\u00e1lida y familiar hacen de El Cuyo un aut\u00e9ntico refugio donde se alojan muchos amantes del sol. Ya sea un relajante paseo por la playa con espectaculares amaneceres o atardeceres, excursiones para ver flamencos en la biosfera de la R\u00eda Lagartos o la emoci\u00f3n del kitesurf, aqu\u00ed es donde la relajaci\u00f3n se une a la aventura.<\/p>\n\n\n\n<span class=\"gb-button gb-button-60375818 gb-button-text\">Mas...<\/span>\n\n<\/div><\/div>\n<\/div>\n<\/div>\n<\/div><div class=\"gb-container gb-container-4add7a00\">\n<div class=\"gb-grid-wrapper gb-grid-wrapper-e1d49f45\">\n<div class=\"gb-grid-column gb-grid-column-fd2dd876\"><div class=\"gb-container gb-container-fd2dd876\">\n\n<h2 class=\"gb-headline gb-headline-956a980c gb-headline-text\">Actividades<\/h2>\n\n\n\n<p class=\"gb-headline gb-headline-b4da0996 gb-headline-text\">Kitesurf, escalada, flamencos y animales salvajes, excursiones a la selva, nadar en cenotes... y mucho m\u00e1s.<\/p>\n\n\n\n<span class=\"gb-button gb-button-92319378 gb-button-text\">Mas...<\/span>\n\n<\/div><\/div>\n\n<div class=\"gb-grid-column gb-grid-column-90cce9e2\"><div class=\"gb-container gb-container-90cce9e2\">\n\n<figure class=\"wp-block-image size-large\"><img loading=\"lazy\" decoding=\"async\" width=\"1024\" height=\"768\" src=\"https:\/\/lacasacatrina.com\/wp-content\/uploads\/\/IMG_6066-1024x768.jpeg\" alt=\"\" class=\"wp-image-737\" srcset=\"https:\/\/lacasacatrina.com\/wp-content\/uploads\/IMG_6066-1024x768.jpeg 1024w, https:\/\/lacasacatrina.com\/wp-content\/uploads\/IMG_6066-300x225.jpeg 300w, https:\/\/lacasacatrina.com\/wp-content\/uploads\/IMG_6066-768x576.jpeg 768w, https:\/\/lacasacatrina.com\/wp-content\/uploads\/IMG_6066.jpeg 1280w\" sizes=\"auto, (max-width: 1024px) 100vw, 1024px\" \/><\/figure>\n\n<\/div><\/div>\n<\/div>\n<\/div><div class=\"gb-container gb-container-41bf7ac9\">\n<div class=\"gb-container gb-container-96929d92\">\n<div class=\"gb-grid-wrapper gb-grid-wrapper-b6db82bc\">\n<div class=\"gb-grid-column gb-grid-column-f6602058\"><div class=\"gb-container gb-container-f6602058\">\n\n<figure class=\"wp-block-embed is-type-video is-provider-youtube wp-block-embed-youtube wp-embed-aspect-16-9 wp-has-aspect-ratio\"><div class=\"wp-block-embed__wrapper\">\n<iframe loading=\"lazy\" title=\"El Cuyo, Yucat\u00e1n Tomas a\u00e9reas drone flight\" width=\"1200\" height=\"675\" src=\"https:\/\/www.youtube.com\/embed\/TrREi2MJCFg?feature=oembed\" frameborder=\"0\" allow=\"accelerometer; autoplay; clipboard-write; encrypted-media; gyroscope; picture-in-picture; web-share\" referrerpolicy=\"strict-origin-when-cross-origin\" allowfullscreen><\/iframe>\n<\/div><figcaption class=\"wp-element-caption\">Origin: Youtube: El Cuyo, Yucat\u00e1n Tomas a\u00e9reas drone flight<\/figcaption><\/figure>\n\n<\/div><\/div>\n\n<div class=\"gb-grid-column gb-grid-column-a76df046\"><div class=\"gb-container gb-container-a76df046\">\n\n<h2 class=\"gb-headline gb-headline-6c399854 gb-headline-text\">El pueblo<\/h2>\n\n\n\n<p class=\"gb-headline gb-headline-2a9abc71 gb-headline-text\">Vuelo de un drone sobre El Cuyo...<\/p>\n\n\n\n<span class=\"gb-button gb-button-e282deda gb-button-text\">Mas...<\/span>\n\n<\/div><\/div>\n<\/div>\n<\/div>\n<\/div>\n<p><\/p>\n\n<h3 class=\"wp-block-heading has-text-align-center\">Sitio a\u00fan en construcci\u00f3n ... m\u00e1s en breve<\/h3>\n\n<p><\/p>\n","protected":false},"excerpt":{"rendered":"<p>Sitio a\u00fan en construcci\u00f3n ... m\u00e1s en breve<\/p>\n","protected":false},"author":1,"featured_media":0,"parent":0,"menu_order":0,"comment_status":"closed","ping_status":"closed","template":"","meta":{"footnotes":""},"class_list":["post-776","page","type-page","status-publish"],"_links":{"self":[{"href":"https:\/\/lacasacatrina.com\/es\/wp-json\/wp\/v2\/pages\/776","targetHints":{"allow":["GET"]}}],"collection":[{"href":"https:\/\/lacasacatrina.com\/es\/wp-json\/wp\/v2\/pages"}],"about":[{"href":"https:\/\/lacasacatrina.com\/es\/wp-json\/wp\/v2\/types\/page"}],"author":[{"embeddable":true,"href":"https:\/\/lacasacatrina.com\/es\/wp-json\/wp\/v2\/users\/1"}],"replies":[{"embeddable":true,"href":"https:\/\/lacasacatrina.com\/es\/wp-json\/wp\/v2\/comments?post=776"}],"version-history":[{"count":3,"href":"https:\/\/lacasacatrina.com\/es\/wp-json\/wp\/v2\/pages\/776\/revisions"}],"predecessor-version":[{"id":932,"href":"https:\/\/lacasacatrina.com\/es\/wp-json\/wp\/v2\/pages\/776\/revisions\/932"}],"wp:attachment":[{"href":"https:\/\/lacasacatrina.com\/es\/wp-json\/wp\/v2\/media?parent=776"}],"curies":[{"name":"wp","href":"https:\/\/api.w.org\/{rel}","templated":true}]}}