{"id":836,"date":"2025-09-09T08:15:23","date_gmt":"2025-09-09T08:15:23","guid":{"rendered":"https:\/\/lacasacatrina.com\/apartments-es\/"},"modified":"2025-09-09T08:19:29","modified_gmt":"2025-09-09T08:19:29","slug":"apartments","status":"publish","type":"page","link":"https:\/\/lacasacatrina.com\/es\/apartments\/","title":{"rendered":"Apartments"},"content":{"rendered":"\n<div class=\"wrap plugin-container\">\n\n\t\n\t\n\t<div class=\"vblistcontainer vblistcontainer-list\">\n<ul class=\"vblist\">\n\t<li class=\"room_result\">\n\t\t<div class=\"room_result-inner\">\n\t\t\t<div class=\"vblistroomblock\">\n\t\t\t\t\t\t\t<div class=\"vbimglistdiv\">\n\t\t\t\t\t<a class=\"vbo-roomslist-imglink\" href=\"https:\/\/lacasacatrina.com\/es\/apartment-1\/\">\n\t\t\t\t\t\t<img decoding=\"async\" src=\"https:\/\/lacasacatrina.com\/wp-content\/plugins\/vikbooking\/site\/resources\/uploads\/80b59e86-d124-4a32-84d2-b95a2d02fa4f_1.jpeg\" alt=\"Apartamento 1\" class=\"vblistimg\"\/>\n\t\t\t\t\t<\/a>\n\t\t\t\t\t\t\t\t\t<div class=\"vbmodalrdetails vbo-roomslist-opengallery-cont\">\n\t\t\t\t\t\t<a href=\"javascript: void(0);\" class=\"vbo-roomslist-opengallery\" data-roomid=\"1\"><i class=\"fas fa-camera\"><\/i><\/a>\n\t\t\t\t\t<\/div>\n\t\t\t\t\t<div class=\"vikfx-gallery\" id=\"vikfx-gallery1\" style=\"display: none;\">\n\t\t\t\t\t\t\t\t\t\t\t<a href=\"https:\/\/lacasacatrina.com\/wp-content\/plugins\/vikbooking\/site\/resources\/uploads\/big_img_9011.jpeg\" style=\"display: none;\">\n\t\t\t\t\t\t\t<img decoding=\"async\" src=\"https:\/\/lacasacatrina.com\/wp-content\/plugins\/vikbooking\/site\/resources\/uploads\/thumb_img_9011.jpeg\" alt=\"img_9011\" title=\"\" style=\"display: none;\"\/>\n\t\t\t\t\t\t<\/a>\n\t\t\t\t\t\t\t\t\t\t\t\t<a href=\"https:\/\/lacasacatrina.com\/wp-content\/plugins\/vikbooking\/site\/resources\/uploads\/big_80b59e86-d124-4a32-84d2-b95a2d02fa4f_1.jpeg\" style=\"display: none;\">\n\t\t\t\t\t\t\t<img decoding=\"async\" src=\"https:\/\/lacasacatrina.com\/wp-content\/plugins\/vikbooking\/site\/resources\/uploads\/thumb_80b59e86-d124-4a32-84d2-b95a2d02fa4f_1.jpeg\" alt=\"80b59e86-d124-4a32-84d2-b95a2d02fa4f_1\" title=\"\" style=\"display: none;\"\/>\n\t\t\t\t\t\t<\/a>\n\t\t\t\t\t\t\t\t\t\t\t\t<a href=\"https:\/\/lacasacatrina.com\/wp-content\/plugins\/vikbooking\/site\/resources\/uploads\/big_80b59e86-d124-4a32-84d2-b95a2d02fa4f.jpeg\" style=\"display: none;\">\n\t\t\t\t\t\t\t<img decoding=\"async\" src=\"https:\/\/lacasacatrina.com\/wp-content\/plugins\/vikbooking\/site\/resources\/uploads\/thumb_80b59e86-d124-4a32-84d2-b95a2d02fa4f.jpeg\" alt=\"80b59e86-d124-4a32-84d2-b95a2d02fa4f\" title=\"\" style=\"display: none;\"\/>\n\t\t\t\t\t\t<\/a>\n\t\t\t\t\t\t\t\t\t\t\t\t<a href=\"https:\/\/lacasacatrina.com\/wp-content\/plugins\/vikbooking\/site\/resources\/uploads\/big_d3e9f25f-2736-4c26-b41e-84686b73e55d.jpeg\" style=\"display: none;\">\n\t\t\t\t\t\t\t<img decoding=\"async\" src=\"https:\/\/lacasacatrina.com\/wp-content\/plugins\/vikbooking\/site\/resources\/uploads\/thumb_d3e9f25f-2736-4c26-b41e-84686b73e55d.jpeg\" alt=\"d3e9f25f-2736-4c26-b41e-84686b73e55d\" title=\"\" style=\"display: none;\"\/>\n\t\t\t\t\t\t<\/a>\n\t\t\t\t\t\t\t\t\t\t\t\t<a href=\"https:\/\/lacasacatrina.com\/wp-content\/plugins\/vikbooking\/site\/resources\/uploads\/big_45f28996-5763-4235-a5fd-fb5069d21dea.jpeg\" style=\"display: none;\">\n\t\t\t\t\t\t\t<img decoding=\"async\" src=\"https:\/\/lacasacatrina.com\/wp-content\/plugins\/vikbooking\/site\/resources\/uploads\/thumb_45f28996-5763-4235-a5fd-fb5069d21dea.jpeg\" alt=\"45f28996-5763-4235-a5fd-fb5069d21dea\" title=\"\" style=\"display: none;\"\/>\n\t\t\t\t\t\t<\/a>\n\t\t\t\t\t\t\t\t\t\t\t\t<a href=\"https:\/\/lacasacatrina.com\/wp-content\/plugins\/vikbooking\/site\/resources\/uploads\/big_img_0156.jpeg\" style=\"display: none;\">\n\t\t\t\t\t\t\t<img decoding=\"async\" src=\"https:\/\/lacasacatrina.com\/wp-content\/plugins\/vikbooking\/site\/resources\/uploads\/thumb_img_0156.jpeg\" alt=\"img_0156\" title=\"\" style=\"display: none;\"\/>\n\t\t\t\t\t\t<\/a>\n\t\t\t\t\t\t\t\t\t\t\t\t<a href=\"https:\/\/lacasacatrina.com\/wp-content\/plugins\/vikbooking\/site\/resources\/uploads\/big_d1594e9a-d07b-45bd-a292-417544fd8dad.jpeg\" style=\"display: none;\">\n\t\t\t\t\t\t\t<img decoding=\"async\" src=\"https:\/\/lacasacatrina.com\/wp-content\/plugins\/vikbooking\/site\/resources\/uploads\/thumb_d1594e9a-d07b-45bd-a292-417544fd8dad.jpeg\" alt=\"d1594e9a-d07b-45bd-a292-417544fd8dad\" title=\"\" style=\"display: none;\"\/>\n\t\t\t\t\t\t<\/a>\n\t\t\t\t\t\t\t\t\t\t\t\t<a href=\"https:\/\/lacasacatrina.com\/wp-content\/plugins\/vikbooking\/site\/resources\/uploads\/big_2d73b34c-a346-4134-8b83-d41fd0812164.jpeg\" style=\"display: none;\">\n\t\t\t\t\t\t\t<img decoding=\"async\" src=\"https:\/\/lacasacatrina.com\/wp-content\/plugins\/vikbooking\/site\/resources\/uploads\/thumb_2d73b34c-a346-4134-8b83-d41fd0812164.jpeg\" alt=\"2d73b34c-a346-4134-8b83-d41fd0812164\" title=\"\" style=\"display: none;\"\/>\n\t\t\t\t\t\t<\/a>\n\t\t\t\t\t\t\t\t\t\t\t\t<a href=\"https:\/\/lacasacatrina.com\/wp-content\/plugins\/vikbooking\/site\/resources\/uploads\/big_e77827a7-dd7f-49b8-b2be-799a00efccab.jpeg\" style=\"display: none;\">\n\t\t\t\t\t\t\t<img decoding=\"async\" src=\"https:\/\/lacasacatrina.com\/wp-content\/plugins\/vikbooking\/site\/resources\/uploads\/thumb_e77827a7-dd7f-49b8-b2be-799a00efccab.jpeg\" alt=\"e77827a7-dd7f-49b8-b2be-799a00efccab\" title=\"\" style=\"display: none;\"\/>\n\t\t\t\t\t\t<\/a>\n\t\t\t\t\t\t\t\t\t\t\t\t<a href=\"https:\/\/lacasacatrina.com\/wp-content\/plugins\/vikbooking\/site\/resources\/uploads\/big_img_0159.jpeg\" style=\"display: none;\">\n\t\t\t\t\t\t\t<img decoding=\"async\" src=\"https:\/\/lacasacatrina.com\/wp-content\/plugins\/vikbooking\/site\/resources\/uploads\/thumb_img_0159.jpeg\" alt=\"img_0159\" title=\"\" style=\"display: none;\"\/>\n\t\t\t\t\t\t<\/a>\n\t\t\t\t\t\t\t\t\t\t\t\t<a href=\"https:\/\/lacasacatrina.com\/wp-content\/plugins\/vikbooking\/site\/resources\/uploads\/big_ea21bb80-99f1-4504-871b-63a73d214c52.jpeg\" style=\"display: none;\">\n\t\t\t\t\t\t\t<img decoding=\"async\" src=\"https:\/\/lacasacatrina.com\/wp-content\/plugins\/vikbooking\/site\/resources\/uploads\/thumb_ea21bb80-99f1-4504-871b-63a73d214c52.jpeg\" alt=\"ea21bb80-99f1-4504-871b-63a73d214c52\" title=\"\" style=\"display: none;\"\/>\n\t\t\t\t\t\t<\/a>\n\t\t\t\t\t\t\t\t\t\t\t\t<a href=\"https:\/\/lacasacatrina.com\/wp-content\/plugins\/vikbooking\/site\/resources\/uploads\/big_3b1297e8-2768-4a55-b8f0-952d11a986f3.jpeg\" style=\"display: none;\">\n\t\t\t\t\t\t\t<img decoding=\"async\" src=\"https:\/\/lacasacatrina.com\/wp-content\/plugins\/vikbooking\/site\/resources\/uploads\/thumb_3b1297e8-2768-4a55-b8f0-952d11a986f3.jpeg\" alt=\"3b1297e8-2768-4a55-b8f0-952d11a986f3\" title=\"\" style=\"display: none;\"\/>\n\t\t\t\t\t\t<\/a>\n\t\t\t\t\t\t\t\t\t\t\t\t<a href=\"https:\/\/lacasacatrina.com\/wp-content\/plugins\/vikbooking\/site\/resources\/uploads\/big_5409d5c9-f233-436e-8cdc-2d1aa06c4412.jpeg\" style=\"display: none;\">\n\t\t\t\t\t\t\t<img decoding=\"async\" src=\"https:\/\/lacasacatrina.com\/wp-content\/plugins\/vikbooking\/site\/resources\/uploads\/thumb_5409d5c9-f233-436e-8cdc-2d1aa06c4412.jpeg\" alt=\"5409d5c9-f233-436e-8cdc-2d1aa06c4412\" title=\"\" style=\"display: none;\"\/>\n\t\t\t\t\t\t<\/a>\n\t\t\t\t\t\t\t\t\t\t\t\t<a href=\"https:\/\/lacasacatrina.com\/wp-content\/plugins\/vikbooking\/site\/resources\/uploads\/big_img_0134.jpeg\" style=\"display: none;\">\n\t\t\t\t\t\t\t<img decoding=\"async\" src=\"https:\/\/lacasacatrina.com\/wp-content\/plugins\/vikbooking\/site\/resources\/uploads\/thumb_img_0134.jpeg\" alt=\"img_0134\" title=\"\" style=\"display: none;\"\/>\n\t\t\t\t\t\t<\/a>\n\t\t\t\t\t\t\t\t\t\t\t\t<a href=\"https:\/\/lacasacatrina.com\/wp-content\/plugins\/vikbooking\/site\/resources\/uploads\/big_footprint1.png\" style=\"display: none;\">\n\t\t\t\t\t\t\t<img decoding=\"async\" src=\"https:\/\/lacasacatrina.com\/wp-content\/plugins\/vikbooking\/site\/resources\/uploads\/thumb_footprint1.png\" alt=\"footprint1\" title=\"\" style=\"display: none;\"\/>\n\t\t\t\t\t\t<\/a>\n\t\t\t\t\t\t\t\t\t\t\t<\/div>\n\t\t\t\t\t\t\t\t<\/div>\n\t\t\t\t\t\t\t<div class=\"vbo-info-room\">\n\t\t\t\t\t<div class=\"vbdescrlistdiv\">\n\t\t\t\t\t\t<h4 class=\"vbrowcname\">\n\t\t\t\t\t\t\t<a href=\"https:\/\/lacasacatrina.com\/es\/apartment-1\/\">Apartamento 1<\/a>\n\t\t\t\t\t\t<\/h4>\n\t\t\t\t\t\t<span class=\"vblistroomcat\">Apartamentos para vacaciones<\/span>\n\t\t\t\t\t\t<div class=\"vbrowcdescr\">Apartamento 1 (100m2) |\u00a03 habitaciones (2x cama king, 1x cama queen) | Amplio sal\u00f3n\/comedor con sof\u00e1 | Cocina, bar, mesa de comedor | Cuarto de ba\u00f1o con ducha y WC | Balc\u00f3n orientado al sur<\/div>\n\t\t\t\t\t<\/div>\n\t\t\t\t\t\t\t\t\t<div class=\"roomlist_carats\">\n\t\t\t\t\t<div class=\"vbo-room-carats\">\n<span class=\"vbo-room-carat\"><span class=\"vbo-expl\" data-vbo-expl=\"WiFi\"><i class=\"fas fa-wifi vbo-icn-carat\"><\/i><\/span><\/span>\n<span class=\"vbo-room-carat\"><span class=\"vbo-expl\" data-vbo-expl=\"Aire acondicionador\"><i class=\"fas fa-snowflake vbo-icn-carat\"><\/i><\/span><\/span>\n<span class=\"vbo-room-carat\"><span class=\"vbo-expl\" data-vbo-expl=\"Ba\u00f1o\"><i class=\"fas fa-bath vbo-icn-carat\"><\/i><\/span><\/span>\n<span class=\"vbo-room-carat\"><span class=\"vbo-expl\" data-vbo-expl=\"Pets Allowed\"><i class=\"fas fa-paw vbo-icn-carat\"><\/i><\/span><\/span>\n<span class=\"vbo-room-carat\"><span class=\"vbo-expl\" data-vbo-expl=\"Balcon\"><i class=\"fas fa-umbrella-beach vbo-icn-carat\"><\/i><\/span><\/span>\n<span class=\"vbo-room-carat\"><span class=\"vbo-expl\" data-vbo-expl=\"Garaje\"><i class=\"fas fa-cube vbo-icn-carat\"><\/i><\/span><\/span>\n<span class=\"vbo-room-carat\"><span class=\"vbo-expl\" data-vbo-expl=\"Sofa\"><i class=\"fas fa-bed vbo-icn-carat\"><\/i><\/span><\/span>\n<span class=\"vbo-room-carat\"><span class=\"vbo-expl\" data-vbo-expl=\"Kitchen\"><i class=\"fas fa-utensils vbo-icn-carat\"><\/i><\/span><\/span>\n<\/div>\n\t\t\t\t\t<\/div>\n\t\t\t\t\t\t\t\t\t<\/div>\n\t\t\t<\/div>\n\n\t\t\t<div class=\"vbcontdivtot\">\n\t\t\t\t<div class=\"vbdivtot\">\n\t\t\t\t\t<div class=\"vbdivtotinline\">\n\t\t\t\t\t\t<div class=\"vbsrowprice\">\n\t\t\t\t\t\t\t<div class=\"vbrowroomcapacity\">\n\t\t\t\t\t\t\t<i class=\"fas fa-male vbo-pref-color-text\"><\/i><i class=\"fas fa-male vbo-pref-color-text\"><\/i><i class=\"fas fa-male vbo-pref-color-text\"><\/i><i class=\"fas fa-male vbo-pref-color-text\"><\/i>\t\t\t\t\t\t\t<\/div>\n\t\t\t\t\t\t\t\t\t\t<div class=\"vbsrowpricediv\">\n\t\t\t\t\t\t\t\t<span class=\"room_cost\"><span class=\"vbo_currency\">\u20ac<\/span> <span class=\"vbo_price\">125<\/span><\/span>\n\t\t\t\t\t\t\t\t<span class=\"vbliststartfrom\">por noche<\/span>\n\t\t\t\t\t\t\t\t\t\t\t\t\t\t\t<\/div>\n\t\t\t\t\t\t\n\t\t\t\t\t\t<\/div>\n\t\t\t\t\t\t<div class=\"vbselectordiv\">\n\t\t\t\t\t\t\t<div class=\"vbselectr\">\n\t\t\t\t\t\t\t\t<a class=\"btn vbo-pref-color-btn\" href=\"https:\/\/lacasacatrina.com\/es\/apartment-1\/\">Detalles<\/a>\n\t\t\t\t\t\t\t<\/div>\n\t\t\t\t\t\t<\/div>\t\t\t\n\t\t\t\t\t<\/div>\n\t\t\t\t<\/div>\n\t\t\t<\/div>\n\t\t<\/div>\n\t<\/li>\n\t\t<li class=\"room_result\">\n\t\t<div class=\"room_result-inner\">\n\t\t\t<div class=\"vblistroomblock\">\n\t\t\t\t\t\t\t<div class=\"vbimglistdiv\">\n\t\t\t\t\t<a class=\"vbo-roomslist-imglink\" href=\"https:\/\/lacasacatrina.com\/es\/apartment-2\/\">\n\t\t\t\t\t\t<img decoding=\"async\" src=\"https:\/\/lacasacatrina.com\/wp-content\/plugins\/vikbooking\/site\/resources\/uploads\/img_0313.jpeg\" alt=\"Apartamento 2 (arriba)\" class=\"vblistimg\"\/>\n\t\t\t\t\t<\/a>\n\t\t\t\t\t\t\t\t\t<div class=\"vbmodalrdetails vbo-roomslist-opengallery-cont\">\n\t\t\t\t\t\t<a href=\"javascript: void(0);\" class=\"vbo-roomslist-opengallery\" data-roomid=\"2\"><i class=\"fas fa-camera\"><\/i><\/a>\n\t\t\t\t\t<\/div>\n\t\t\t\t\t<div class=\"vikfx-gallery\" id=\"vikfx-gallery2\" style=\"display: none;\">\n\t\t\t\t\t\t\t\t\t\t\t<a href=\"https:\/\/lacasacatrina.com\/wp-content\/plugins\/vikbooking\/site\/resources\/uploads\/big_img_0834.jpeg\" style=\"display: none;\">\n\t\t\t\t\t\t\t<img decoding=\"async\" src=\"https:\/\/lacasacatrina.com\/wp-content\/plugins\/vikbooking\/site\/resources\/uploads\/thumb_img_0834.jpeg\" alt=\"img_0834\" title=\"\" style=\"display: none;\"\/>\n\t\t\t\t\t\t<\/a>\n\t\t\t\t\t\t\t\t\t\t\t\t<a href=\"https:\/\/lacasacatrina.com\/wp-content\/plugins\/vikbooking\/site\/resources\/uploads\/big_img_1114.jpeg\" style=\"display: none;\">\n\t\t\t\t\t\t\t<img decoding=\"async\" src=\"https:\/\/lacasacatrina.com\/wp-content\/plugins\/vikbooking\/site\/resources\/uploads\/thumb_img_1114.jpeg\" alt=\"img_1114\" title=\"\" style=\"display: none;\"\/>\n\t\t\t\t\t\t<\/a>\n\t\t\t\t\t\t\t\t\t\t\t\t<a href=\"https:\/\/lacasacatrina.com\/wp-content\/plugins\/vikbooking\/site\/resources\/uploads\/big_img_0313.jpeg\" style=\"display: none;\">\n\t\t\t\t\t\t\t<img decoding=\"async\" src=\"https:\/\/lacasacatrina.com\/wp-content\/plugins\/vikbooking\/site\/resources\/uploads\/thumb_img_0313.jpeg\" alt=\"img_0313\" title=\"\" style=\"display: none;\"\/>\n\t\t\t\t\t\t<\/a>\n\t\t\t\t\t\t\t\t\t\t\t\t<a href=\"https:\/\/lacasacatrina.com\/wp-content\/plugins\/vikbooking\/site\/resources\/uploads\/big_img_0316.jpeg\" style=\"display: none;\">\n\t\t\t\t\t\t\t<img decoding=\"async\" src=\"https:\/\/lacasacatrina.com\/wp-content\/plugins\/vikbooking\/site\/resources\/uploads\/thumb_img_0316.jpeg\" alt=\"img_0316\" title=\"\" style=\"display: none;\"\/>\n\t\t\t\t\t\t<\/a>\n\t\t\t\t\t\t\t\t\t\t\t\t<a href=\"https:\/\/lacasacatrina.com\/wp-content\/plugins\/vikbooking\/site\/resources\/uploads\/big_img_0305.jpeg\" style=\"display: none;\">\n\t\t\t\t\t\t\t<img decoding=\"async\" src=\"https:\/\/lacasacatrina.com\/wp-content\/plugins\/vikbooking\/site\/resources\/uploads\/thumb_img_0305.jpeg\" alt=\"img_0305\" title=\"\" style=\"display: none;\"\/>\n\t\t\t\t\t\t<\/a>\n\t\t\t\t\t\t\t\t\t\t\t\t<a href=\"https:\/\/lacasacatrina.com\/wp-content\/plugins\/vikbooking\/site\/resources\/uploads\/big_img_0304.jpeg\" style=\"display: none;\">\n\t\t\t\t\t\t\t<img decoding=\"async\" src=\"https:\/\/lacasacatrina.com\/wp-content\/plugins\/vikbooking\/site\/resources\/uploads\/thumb_img_0304.jpeg\" alt=\"img_0304\" title=\"\" style=\"display: none;\"\/>\n\t\t\t\t\t\t<\/a>\n\t\t\t\t\t\t\t\t\t\t\t\t<a href=\"https:\/\/lacasacatrina.com\/wp-content\/plugins\/vikbooking\/site\/resources\/uploads\/big_img_0216.jpeg\" style=\"display: none;\">\n\t\t\t\t\t\t\t<img decoding=\"async\" src=\"https:\/\/lacasacatrina.com\/wp-content\/plugins\/vikbooking\/site\/resources\/uploads\/thumb_img_0216.jpeg\" alt=\"img_0216\" title=\"\" style=\"display: none;\"\/>\n\t\t\t\t\t\t<\/a>\n\t\t\t\t\t\t\t\t\t\t\t\t<a href=\"https:\/\/lacasacatrina.com\/wp-content\/plugins\/vikbooking\/site\/resources\/uploads\/big_img_0306.jpeg\" style=\"display: none;\">\n\t\t\t\t\t\t\t<img decoding=\"async\" src=\"https:\/\/lacasacatrina.com\/wp-content\/plugins\/vikbooking\/site\/resources\/uploads\/thumb_img_0306.jpeg\" alt=\"img_0306\" title=\"\" style=\"display: none;\"\/>\n\t\t\t\t\t\t<\/a>\n\t\t\t\t\t\t\t\t\t\t\t\t<a href=\"https:\/\/lacasacatrina.com\/wp-content\/plugins\/vikbooking\/site\/resources\/uploads\/big_img_0311.jpeg\" style=\"display: none;\">\n\t\t\t\t\t\t\t<img decoding=\"async\" src=\"https:\/\/lacasacatrina.com\/wp-content\/plugins\/vikbooking\/site\/resources\/uploads\/thumb_img_0311.jpeg\" alt=\"img_0311\" title=\"\" style=\"display: none;\"\/>\n\t\t\t\t\t\t<\/a>\n\t\t\t\t\t\t\t\t\t\t\t\t<a href=\"https:\/\/lacasacatrina.com\/wp-content\/plugins\/vikbooking\/site\/resources\/uploads\/big_img_1026.jpeg\" style=\"display: none;\">\n\t\t\t\t\t\t\t<img decoding=\"async\" src=\"https:\/\/lacasacatrina.com\/wp-content\/plugins\/vikbooking\/site\/resources\/uploads\/thumb_img_1026.jpeg\" alt=\"img_1026\" title=\"\" style=\"display: none;\"\/>\n\t\t\t\t\t\t<\/a>\n\t\t\t\t\t\t\t\t\t\t\t\t<a href=\"https:\/\/lacasacatrina.com\/wp-content\/plugins\/vikbooking\/site\/resources\/uploads\/big_3b1297e8-2768-4a55-b8f0-952d11a986f3.jpeg\" style=\"display: none;\">\n\t\t\t\t\t\t\t<img decoding=\"async\" src=\"https:\/\/lacasacatrina.com\/wp-content\/plugins\/vikbooking\/site\/resources\/uploads\/thumb_3b1297e8-2768-4a55-b8f0-952d11a986f3.jpeg\" alt=\"3b1297e8-2768-4a55-b8f0-952d11a986f3\" title=\"\" style=\"display: none;\"\/>\n\t\t\t\t\t\t<\/a>\n\t\t\t\t\t\t\t\t\t\t\t\t<a href=\"https:\/\/lacasacatrina.com\/wp-content\/plugins\/vikbooking\/site\/resources\/uploads\/big_img_1083.jpeg\" style=\"display: none;\">\n\t\t\t\t\t\t\t<img decoding=\"async\" src=\"https:\/\/lacasacatrina.com\/wp-content\/plugins\/vikbooking\/site\/resources\/uploads\/thumb_img_1083.jpeg\" alt=\"img_1083\" title=\"\" style=\"display: none;\"\/>\n\t\t\t\t\t\t<\/a>\n\t\t\t\t\t\t\t\t\t\t\t\t<a href=\"https:\/\/lacasacatrina.com\/wp-content\/plugins\/vikbooking\/site\/resources\/uploads\/big_img_0203.jpeg\" style=\"display: none;\">\n\t\t\t\t\t\t\t<img decoding=\"async\" src=\"https:\/\/lacasacatrina.com\/wp-content\/plugins\/vikbooking\/site\/resources\/uploads\/thumb_img_0203.jpeg\" alt=\"img_0203\" title=\"\" style=\"display: none;\"\/>\n\t\t\t\t\t\t<\/a>\n\t\t\t\t\t\t\t\t\t\t\t\t<a href=\"https:\/\/lacasacatrina.com\/wp-content\/plugins\/vikbooking\/site\/resources\/uploads\/big_img_0282.jpeg\" style=\"display: none;\">\n\t\t\t\t\t\t\t<img decoding=\"async\" src=\"https:\/\/lacasacatrina.com\/wp-content\/plugins\/vikbooking\/site\/resources\/uploads\/thumb_img_0282.jpeg\" alt=\"img_0282\" title=\"\" style=\"display: none;\"\/>\n\t\t\t\t\t\t<\/a>\n\t\t\t\t\t\t\t\t\t\t\t\t<a href=\"https:\/\/lacasacatrina.com\/wp-content\/plugins\/vikbooking\/site\/resources\/uploads\/big_img_0286.jpeg\" style=\"display: none;\">\n\t\t\t\t\t\t\t<img decoding=\"async\" src=\"https:\/\/lacasacatrina.com\/wp-content\/plugins\/vikbooking\/site\/resources\/uploads\/thumb_img_0286.jpeg\" alt=\"img_0286\" title=\"\" style=\"display: none;\"\/>\n\t\t\t\t\t\t<\/a>\n\t\t\t\t\t\t\t\t\t\t\t\t<a href=\"https:\/\/lacasacatrina.com\/wp-content\/plugins\/vikbooking\/site\/resources\/uploads\/big_footprint2.png\" style=\"display: none;\">\n\t\t\t\t\t\t\t<img decoding=\"async\" src=\"https:\/\/lacasacatrina.com\/wp-content\/plugins\/vikbooking\/site\/resources\/uploads\/thumb_footprint2.png\" alt=\"footprint2\" title=\"\" style=\"display: none;\"\/>\n\t\t\t\t\t\t<\/a>\n\t\t\t\t\t\t\t\t\t\t\t<\/div>\n\t\t\t\t\t\t\t\t<\/div>\n\t\t\t\t\t\t\t<div class=\"vbo-info-room\">\n\t\t\t\t\t<div class=\"vbdescrlistdiv\">\n\t\t\t\t\t\t<h4 class=\"vbrowcname\">\n\t\t\t\t\t\t\t<a href=\"https:\/\/lacasacatrina.com\/es\/apartment-2\/\">Apartamento 2 (arriba)<\/a>\n\t\t\t\t\t\t<\/h4>\n\t\t\t\t\t\t<span class=\"vblistroomcat\">Apartamentos para vacaciones, Estancia larga<\/span>\n\t\t\t\t\t\t<div class=\"vbrowcdescr\">Apartamento 2, arriba (100 m2) para estancias largas de dos meses o m\u00e1s | 2 dormitorios (1x cama de matrimonio, 2x literas) | Amplio sal\u00f3n\/comedor con sala de estar, hamaca, | Cocina, bar, mesa de comedor | Ba\u00f1o | Gran terraza en la azotea con vistas panor\u00e1micas<\/div>\n\t\t\t\t\t<\/div>\n\t\t\t\t\t\t\t\t\t<div class=\"roomlist_carats\">\n\t\t\t\t\t<div class=\"vbo-room-carats\">\n<span class=\"vbo-room-carat\"><span class=\"vbo-expl\" data-vbo-expl=\"WiFi\"><i class=\"fas fa-wifi vbo-icn-carat\"><\/i><\/span><\/span>\n<span class=\"vbo-room-carat\"><span class=\"vbo-expl\" data-vbo-expl=\"Aire acondicionador\"><i class=\"fas fa-snowflake vbo-icn-carat\"><\/i><\/span><\/span>\n<span class=\"vbo-room-carat\"><span class=\"vbo-expl\" data-vbo-expl=\"Ba\u00f1o\"><i class=\"fas fa-bath vbo-icn-carat\"><\/i><\/span><\/span>\n<span class=\"vbo-room-carat\"><span class=\"vbo-expl\" data-vbo-expl=\"Pets Allowed\"><i class=\"fas fa-paw vbo-icn-carat\"><\/i><\/span><\/span>\n<span class=\"vbo-room-carat\"><span class=\"vbo-expl\" data-vbo-expl=\"Balcon\"><i class=\"fas fa-umbrella-beach vbo-icn-carat\"><\/i><\/span><\/span>\n<span class=\"vbo-room-carat\"><span class=\"vbo-expl\" data-vbo-expl=\"Rooftop terrace\"><i class=\"fas fa-image vbo-icn-carat\"><\/i><\/span><\/span>\n<span class=\"vbo-room-carat\"><span class=\"vbo-expl\" data-vbo-expl=\"Garaje\"><i class=\"fas fa-cube vbo-icn-carat\"><\/i><\/span><\/span>\n<span class=\"vbo-room-carat\"><span class=\"vbo-expl\" data-vbo-expl=\"Sofa\"><i class=\"fas fa-bed vbo-icn-carat\"><\/i><\/span><\/span>\n<span class=\"vbo-room-carat\"><span class=\"vbo-expl\" data-vbo-expl=\"Kitchen\"><i class=\"fas fa-utensils vbo-icn-carat\"><\/i><\/span><\/span>\n<\/div>\n\t\t\t\t\t<\/div>\n\t\t\t\t\t\t\t\t\t<\/div>\n\t\t\t<\/div>\n\n\t\t\t<div class=\"vbcontdivtot\">\n\t\t\t\t<div class=\"vbdivtot\">\n\t\t\t\t\t<div class=\"vbdivtotinline\">\n\t\t\t\t\t\t<div class=\"vbsrowprice\">\n\t\t\t\t\t\t\t<div class=\"vbrowroomcapacity\">\n\t\t\t\t\t\t\t<i class=\"fas fa-male vbo-pref-color-text\"><\/i><i class=\"fas fa-male vbo-pref-color-text\"><\/i><i class=\"fas fa-male vbo-pref-color-text\"><\/i><i class=\"fas fa-male vbo-pref-color-text\"><\/i>\t\t\t\t\t\t\t<\/div>\n\t\t\t\t\t\t\t\t\t\t<div class=\"vbsrowpricediv\">\n\t\t\t\t\t\t\t\t<span class=\"room_cost\"><span class=\"vbo_currency\">\u20ac<\/span> <span class=\"vbo_price\">125<\/span><\/span>\n\t\t\t\t\t\t\t\t<span class=\"vbliststartfrom\">sobre pedido<\/span>\n\t\t\t\t\t\t\t\t\t\t\t\t\t\t\t\t<div class=\"vbliststartfrom-subtxt\">estancias largas<\/div>\n\t\t\t\t\t\t\t\t\t\t\t\t\t\t\t\t<\/div>\n\t\t\t\t\t\t\n\t\t\t\t\t\t<\/div>\n\t\t\t\t\t\t<div class=\"vbselectordiv\">\n\t\t\t\t\t\t\t<div class=\"vbselectr\">\n\t\t\t\t\t\t\t\t<a class=\"btn vbo-pref-color-btn\" href=\"https:\/\/lacasacatrina.com\/es\/apartment-2\/\">Detalles<\/a>\n\t\t\t\t\t\t\t<\/div>\n\t\t\t\t\t\t<\/div>\t\t\t\n\t\t\t\t\t<\/div>\n\t\t\t\t<\/div>\n\t\t\t<\/div>\n\t\t<\/div>\n\t<\/li>\n\t<\/ul>\n<\/div>\n\n\n<\/div>\n\n\n\n<p><\/p>\n","protected":false},"excerpt":{"rendered":"","protected":false},"author":1,"featured_media":0,"parent":0,"menu_order":0,"comment_status":"closed","ping_status":"closed","template":"","meta":{"footnotes":""},"class_list":["post-836","page","type-page","status-publish"],"_links":{"self":[{"href":"https:\/\/lacasacatrina.com\/es\/wp-json\/wp\/v2\/pages\/836","targetHints":{"allow":["GET"]}}],"collection":[{"href":"https:\/\/lacasacatrina.com\/es\/wp-json\/wp\/v2\/pages"}],"about":[{"href":"https:\/\/lacasacatrina.com\/es\/wp-json\/wp\/v2\/types\/page"}],"author":[{"embeddable":true,"href":"https:\/\/lacasacatrina.com\/es\/wp-json\/wp\/v2\/users\/1"}],"replies":[{"embeddable":true,"href":"https:\/\/lacasacatrina.com\/es\/wp-json\/wp\/v2\/comments?post=836"}],"version-history":[{"count":1,"href":"https:\/\/lacasacatrina.com\/es\/wp-json\/wp\/v2\/pages\/836\/revisions"}],"predecessor-version":[{"id":844,"href":"https:\/\/lacasacatrina.com\/es\/wp-json\/wp\/v2\/pages\/836\/revisions\/844"}],"wp:attachment":[{"href":"https:\/\/lacasacatrina.com\/es\/wp-json\/wp\/v2\/media?parent=836"}],"curies":[{"name":"wp","href":"https:\/\/api.w.org\/{rel}","templated":true}]}}